{"id":15,"date":"2026-01-13T11:36:32","date_gmt":"2026-01-13T08:36:32","guid":{"rendered":"https:\/\/bosko-service.in.ua\/?page_id=15"},"modified":"2026-04-02T15:48:25","modified_gmt":"2026-04-02T12:48:25","slug":"services","status":"publish","type":"page","link":"https:\/\/bosko-service.in.ua\/pl\/services\/","title":{"rendered":"Us\u0142ugi"},"content":{"rendered":"<section class=\"l-section wpb_row height_medium with_overlay\"><div class=\"l-section-overlay\" style=\"background-color: #111111\"><\/div><div class=\"l-section-h g-html i-cf\"><div class=\"g-cols offset_small\"><div class=\" full-width\">[vc_raw_html]JTNDbGluayUyMGhyZWYlM0QlMjJodHRwcyUzQSUyRiUyRmZvbnRzLmdvb2dsZWFwaXMuY29tJTJGY3NzMiUzRmZhbWlseSUzRE1vbnRzZXJyYXQlM0F3Z2h0JTQwNDAwJTNCNzAwJTI2ZGlzcGxheSUzRHN3YXAlMjIlMjByZWwlM0QlMjJzdHlsZXNoZWV0JTIyJTNFJTBBJTNDc3R5bGUlM0UlMEElMjAlMjBib2R5JTIwJTdCJTBBJTIwJTIwJTIwJTIwZm9udC1mYW1pbHklM0ElMjAlMjdNb250c2VycmF0JTI3JTJDJTIwc2Fucy1zZXJpZiUyMCUyMWltcG9ydGFudCUzQiUwQSUyMCUyMCU3RCUwQSUzQyUyRnN0eWxlJTNF[\/vc_raw_html]<div class=\"g-cols wpb_row offset_small vc_inner \"><div class=\" full-width animate_aft vc_hidden-xs\">[vc_custom_heading text=&#187;US\u0141UGI SERWISOWE&#187; font_container=&#187;tag:h2|font_size:50|text_align:center|color:%23ffffff&#187; google_fonts=&#187;font_family:Montserrat%3Aregular%2C700|font_style:400%20regular%3A400%3Anormal&#187;]<div class=\"ult-just-icon-wrapper \"><div class=\"align-icon\" style=\"text-align:center;\">\n<div class=\"aio-icon-img \" style=\"font-size:500px;display:inline-block;\" >\n\t<img decoding=\"async\" class=\"img-icon\" alt=\"\" src=\"https:\/\/bosko-service.in.ua\/pl\/wp-content\/uploads\/2026\/04\/Line-8.png\"\/>\n<\/div><\/div><\/div><div class=\"ult-spacer spacer-69eff50a14d99\" data-id=\"69eff50a14d99\" data-height=\"15\" data-height-mobile=\"15\" data-height-tab=\"15\" data-height-tab-portrait=\"\" data-height-mobile-landscape=\"\" style=\"clear:both;display:block;\"><\/div>[vc_custom_heading text=&#187;Pe\u0142en zakres us\u0142ug zapewniaj\u0105cych bezpieczn\u0105 i niezawodn\u0105 eksploatacj\u0119 Twojego samochodu&#187; font_container=&#187;tag:h2|font_size:18|text_align:center|color:%23ffffff&#187; google_fonts=&#187;font_family:Montserrat%3Aregular%2C700|font_style:400%20regular%3A400%3Anormal&#187;]<div class=\"ult-spacer spacer-69eff50a14da1\" data-id=\"69eff50a14da1\" data-height=\"60\" data-height-mobile=\"60\" data-height-tab=\"60\" data-height-tab-portrait=\"\" data-height-mobile-landscape=\"\" style=\"clear:both;display:block;\"><\/div><\/div><\/div><div class=\"g-cols wpb_row offset_small vc_inner \"><div class=\" full-width animate_aft vc_hidden-lg vc_hidden-md vc_hidden-sm\">[vc_custom_heading text=&#187;US\u0141UGI SERWISOWE&#187; font_container=&#187;tag:h2|font_size:35|text_align:center|color:%23ffffff&#187; google_fonts=&#187;font_family:Montserrat%3Aregular%2C700|font_style:400%20regular%3A400%3Anormal&#187;]<div class=\"ult-just-icon-wrapper \"><div class=\"align-icon\" style=\"text-align:center;\">\n<div class=\"aio-icon-img \" style=\"font-size:500px;display:inline-block;\" >\n\t<img decoding=\"async\" class=\"img-icon\" alt=\"\" src=\"https:\/\/bosko-service.in.ua\/pl\/wp-content\/uploads\/2026\/04\/Line-8.png\"\/>\n<\/div><\/div><\/div><div class=\"ult-spacer spacer-69eff50a14f58\" data-id=\"69eff50a14f58\" data-height=\"15\" data-height-mobile=\"15\" data-height-tab=\"15\" data-height-tab-portrait=\"\" data-height-mobile-landscape=\"\" style=\"clear:both;display:block;\"><\/div>[vc_custom_heading text=&#187;Pe\u0142en zakres us\u0142ug zapewniaj\u0105cych bezpieczn\u0105 i niezawodn\u0105 eksploatacj\u0119 Twojego samochodu&#187; font_container=&#187;tag:h2|font_size:16|text_align:center|color:%23ffffff&#187; google_fonts=&#187;font_family:Montserrat%3Aregular%2C700|font_style:400%20regular%3A400%3Anormal&#187;]<div class=\"ult-spacer spacer-69eff50a14f5e\" data-id=\"69eff50a14f5e\" data-height=\"60\" data-height-mobile=\"60\" data-height-tab=\"60\" data-height-tab-portrait=\"\" data-height-mobile-landscape=\"\" style=\"clear:both;display:block;\"><\/div><\/div><\/div><div class=\"g-cols wpb_row offset_small vc_inner \"><div class=\" one-half animate_afl\"><div class=\"ult-content-box-container \" >\t<a class=\"ult-content-box-anchor\" href=\"https:\/\/bosko-service.in.ua\/pl\/diagnostics\/\" title=\"\u0414\u0406\u0410\u0413\u041d\u041e\u0421\u0422\u0418\u041a\u0410\" target=\"\" >\t\t<div class=\"ult-content-box\" style=\"background-color:#333333;box-shadow: px px px px none;padding:20px;min-height:500px;-webkit-transition: all 700ms ease;-moz-transition: all 700ms ease;-ms-transition: all 700ms ease;-o-transition: all 700ms ease;transition: all 700ms ease;\"  data-hover_box_shadow=\"none\"     data-bg=\"#333333\" ><div class=\"ult-just-icon-wrapper \"><div class=\"align-icon\" style=\"text-align:center;\">\n<div class=\"aio-icon-img \" style=\"font-size:1000px;display:inline-block;\" >\n\t<img decoding=\"async\" class=\"img-icon\" alt=\"\" src=\"https:\/\/bosko-service.in.ua\/pl\/wp-content\/uploads\/2026\/04\/Rectangle-449-1-1.jpg\"\/>\n<\/div><\/div><\/div><div class=\"ult-spacer spacer-69eff50a2a14a\" data-id=\"69eff50a2a14a\" data-height=\"20\" data-height-mobile=\"20\" data-height-tab=\"20\" data-height-tab-portrait=\"\" data-height-mobile-landscape=\"\" style=\"clear:both;display:block;\"><\/div><div class=\"wpb_text_column \"><div class=\"wpb_wrapper\"><span style=\"font-size: 14pt; color: #ffffff;\">DIAGNOSTYKA<\/span><\/p>\n<p><span style=\"font-size: 12pt; color: #ffffff;\">Dok\u0142adna ocena stanu Twojego samochodu przy u\u017cyciu nowoczesnego sprz\u0119tu i profesjonalnych rzemie\u015blnik\u00f3w.<\/span><\/p>\n<p>&nbsp;<\/p>\n<p><span style=\"color: #e10b17; font-size: 12pt;\">wi\u0119cej &gt;&gt;<\/span><\/div> <\/div> \t\t<\/div>\t<\/a><\/div><\/div><div class=\" one-half animate_afr\"><div class=\"ult-content-box-container \" >\t<a class=\"ult-content-box-anchor\" href=\"https:\/\/bosko-service.in.ua\/pl\/repair\/\" title=\"\u0420\u0435\u043c\u043e\u043d\u0442\" target=\"\" >\t\t<div class=\"ult-content-box\" style=\"background-color:#333333;box-shadow: px px px px none;padding:20px;-webkit-transition: all 700ms ease;-moz-transition: all 700ms ease;-ms-transition: all 700ms ease;-o-transition: all 700ms ease;transition: all 700ms ease;\"  data-hover_box_shadow=\"none\"     data-bg=\"#333333\" ><div class=\"ult-just-icon-wrapper \"><div class=\"align-icon\" style=\"text-align:center;\">\n<div class=\"aio-icon-img \" style=\"font-size:1000px;display:inline-block;\" >\n\t<img decoding=\"async\" class=\"img-icon\" alt=\"\" src=\"https:\/\/bosko-service.in.ua\/pl\/wp-content\/uploads\/2026\/04\/Rectangle-449-1.jpg\"\/>\n<\/div><\/div><\/div><div class=\"ult-spacer spacer-69eff50a2aa62\" data-id=\"69eff50a2aa62\" data-height=\"20\" data-height-mobile=\"20\" data-height-tab=\"20\" data-height-tab-portrait=\"\" data-height-mobile-landscape=\"\" style=\"clear:both;display:block;\"><\/div><div class=\"wpb_text_column \"><div class=\"wpb_wrapper\"><span style=\"font-size: 14pt; color: #ffffff;\">NAPRAWA<\/span><\/p>\n<p><span style=\"font-size: 12pt; color: #ffffff;\">Od drobnych napraw po skomplikowane prace &#8212; szybko, sprawnie i z gwarancj\u0105.<\/span><\/p>\n<p>&nbsp;<\/p>\n<p><span style=\"color: #e10b17; font-size: 12pt;\">wi\u0119cej&gt;&gt;<\/span><\/div> <\/div> \t\t<\/div>\t<\/a><\/div><\/div><\/div><div class=\"ult-spacer spacer-69eff50a2ab26\" data-id=\"69eff50a2ab26\" data-height=\"30\" data-height-mobile=\"30\" data-height-tab=\"30\" data-height-tab-portrait=\"\" data-height-mobile-landscape=\"\" style=\"clear:both;display:block;\"><\/div><div class=\"g-cols wpb_row offset_small vc_inner \"><div class=\" one-half animate_afl\"><div class=\"ult-content-box-container \" >\t<a class=\"ult-content-box-anchor\" href=\"https:\/\/bosko-service.in.ua\/pl\/togolovna\/\" title=\"\u0422\u041e\" target=\"\" >\t\t<div class=\"ult-content-box\" style=\"background-color:#333333;box-shadow: px px px px none;padding:20px;min-height:520px;-webkit-transition: all 700ms ease;-moz-transition: all 700ms ease;-ms-transition: all 700ms ease;-o-transition: all 700ms ease;transition: all 700ms ease;\"  data-hover_box_shadow=\"none\"     data-bg=\"#333333\" ><div class=\"ult-just-icon-wrapper \"><div class=\"align-icon\" style=\"text-align:center;\">\n<div class=\"aio-icon-img \" style=\"font-size:1000px;display:inline-block;\" >\n\t<img decoding=\"async\" class=\"img-icon\" alt=\"\" src=\"https:\/\/bosko-service.in.ua\/pl\/wp-content\/uploads\/2026\/04\/Rectangle-628-Picsart-AiImageEnhancer.jpg\"\/>\n<\/div><\/div><\/div><div class=\"ult-spacer spacer-69eff50a2b123\" data-id=\"69eff50a2b123\" data-height=\"20\" data-height-mobile=\"20\" data-height-tab=\"20\" data-height-tab-portrait=\"\" data-height-mobile-landscape=\"\" style=\"clear:both;display:block;\"><\/div><div class=\"wpb_text_column \"><div class=\"wpb_wrapper\"><span style=\"color: #ffffff; font-size: 18.6667px;\">KONSERWACJA (konserwacja techniczna)<\/span><\/p>\n<p><span style=\"color: #ffffff; font-size: 12pt;\">Oryginalne cz\u0119\u015bci zamienne i akcesoria zapewniaj\u0105ce bezpieczn\u0105 i niezawodn\u0105 eksploatacj\u0119 Twojego samochodu.<\/span><\/p>\n<p>&nbsp;<\/p>\n<p><span style=\"color: #e10b17; font-size: 12pt;\">wi\u0119cej&gt;&gt;<\/span><\/div> <\/div> \t\t<\/div>\t<\/a><\/div><\/div><div class=\" one-half animate_afr\"><div class=\"ult-content-box-container \" >\t<a class=\"ult-content-box-anchor\" href=\"https:\/\/bosko-service.in.ua\/pl\/restoration-of-ecology\/\" title=\"\" target=\"\" >\t\t<div class=\"ult-content-box\" style=\"background-color:#333333;box-shadow: px px px px none;padding:20px;-webkit-transition: all 700ms ease;-moz-transition: all 700ms ease;-ms-transition: all 700ms ease;-o-transition: all 700ms ease;transition: all 700ms ease;\"  data-hover_box_shadow=\"none\"     data-bg=\"#333333\" ><div class=\"ult-just-icon-wrapper \"><div class=\"align-icon\" style=\"text-align:center;\">\n<div class=\"aio-icon-img \" style=\"font-size:1000px;display:inline-block;\" >\n\t<img decoding=\"async\" class=\"img-icon\" alt=\"\" src=\"https:\/\/bosko-service.in.ua\/pl\/wp-content\/uploads\/2026\/04\/Rectangle-630.jpg\"\/>\n<\/div><\/div><\/div><div class=\"ult-spacer spacer-69eff50a2b760\" data-id=\"69eff50a2b760\" data-height=\"20\" data-height-mobile=\"20\" data-height-tab=\"20\" data-height-tab-portrait=\"\" data-height-mobile-landscape=\"\" style=\"clear:both;display:block;\"><\/div><div class=\"wpb_text_column \"><div class=\"wpb_wrapper\"><span style=\"font-size: 14pt; color: #ffffff;\">ODNOWA EKOLOGICZNA<\/span><\/p>\n<p><span style=\"font-size: 12pt; color: #ffffff;\">Pe\u0142na odbudowa system\u00f3w ekologicznych silnika bez ingerencji w konstrukcj\u0119 i programowanie jednostki steruj\u0105cej.<br \/>\n<\/span><\/p>\n<p>&nbsp;<\/p>\n<p><span style=\"color: #e10b17; font-size: 12pt;\">wi\u0119cej&gt;&gt;<\/span><\/div> <\/div> \t\t<\/div>\t<\/a><\/div><\/div><\/div><\/div><\/div><\/div><\/section>\n","protected":false},"excerpt":{"rendered":"[vc_raw_html]JTNDbGluayUyMGhyZWYlM0QlMjJodHRwcyUzQSUyRiUyRmZvbnRzLmdvb2dsZWFwaXMuY29tJTJGY3NzMiUzRmZhbWlseSUzRE1vbnRzZXJyYXQlM0F3Z2h0JTQwNDAwJTNCNzAwJTI2ZGlzcGxheSUzRHN3YXAlMjIlMjByZWwlM0QlMjJzdHlsZXNoZWV0JTIyJTNFJTBBJTNDc3R5bGUlM0UlMEElMjAlMjBib2R5JTIwJTdCJTBBJTIwJTIwJTIwJTIwZm9udC1mYW1pbHklM0ElMjAlMjdNb250c2VycmF0JTI3JTJDJTIwc2Fucy1zZXJpZiUyMCUyMWltcG9ydGFudCUzQiUwQSUyMCUyMCU3RCUwQSUzQyUyRnN0eWxlJTNF[\/vc_raw_html][vc_custom_heading text=\"US\u0141UGI SERWISOWE\" font_container=\"tag:h2|font_size:50|text_align:center|color:%23ffffff\" google_fonts=\"font_family:Montserrat%3Aregular%2C700|font_style:400%20regular%3A400%3Anormal\"] [vc_custom_heading text=\"Pe\u0142en zakres us\u0142ug zapewniaj\u0105cych bezpieczn\u0105 i niezawodn\u0105 eksploatacj\u0119 Twojego samochodu\" font_container=\"tag:h2|font_size:18|text_align:center|color:%23ffffff\" google_fonts=\"font_family:Montserrat%3Aregular%2C700|font_style:400%20regular%3A400%3Anormal\"][vc_custom_heading text=\"US\u0141UGI SERWISOWE\" font_container=\"tag:h2|font_size:35|text_align:center|color:%23ffffff\" google_fonts=\"font_family:Montserrat%3Aregular%2C700|font_style:400%20regular%3A400%3Anormal\"] [vc_custom_heading text=\"Pe\u0142en zakres us\u0142ug zapewniaj\u0105cych bezpieczn\u0105 i niezawodn\u0105 eksploatacj\u0119 Twojego samochodu\" font_container=\"tag:h2|font_size:16|text_align:center|color:%23ffffff\" google_fonts=\"font_family:Montserrat%3Aregular%2C700|font_style:400%20regular%3A400%3Anormal\"] DIAGNOSTYKA Dok\u0142adna ocena stanu Twojego samochodu przy u\u017cyciu nowoczesnego sprz\u0119tu i profesjonalnych rzemie\u015blnik\u00f3w. &nbsp; wi\u0119cej &gt;&gt; NAPRAWA Od drobnych napraw...","protected":false},"author":1,"featured_media":0,"parent":0,"menu_order":0,"comment_status":"closed","ping_status":"closed","template":"","meta":{"footnotes":""},"class_list":["post-15","page","type-page","status-publish","hentry"],"_links":{"self":[{"href":"https:\/\/bosko-service.in.ua\/pl\/wp-json\/wp\/v2\/pages\/15","targetHints":{"allow":["GET"]}}],"collection":[{"href":"https:\/\/bosko-service.in.ua\/pl\/wp-json\/wp\/v2\/pages"}],"about":[{"href":"https:\/\/bosko-service.in.ua\/pl\/wp-json\/wp\/v2\/types\/page"}],"author":[{"embeddable":true,"href":"https:\/\/bosko-service.in.ua\/pl\/wp-json\/wp\/v2\/users\/1"}],"replies":[{"embeddable":true,"href":"https:\/\/bosko-service.in.ua\/pl\/wp-json\/wp\/v2\/comments?post=15"}],"version-history":[{"count":3,"href":"https:\/\/bosko-service.in.ua\/pl\/wp-json\/wp\/v2\/pages\/15\/revisions"}],"predecessor-version":[{"id":1803,"href":"https:\/\/bosko-service.in.ua\/pl\/wp-json\/wp\/v2\/pages\/15\/revisions\/1803"}],"wp:attachment":[{"href":"https:\/\/bosko-service.in.ua\/pl\/wp-json\/wp\/v2\/media?parent=15"}],"curies":[{"name":"wp","href":"https:\/\/api.w.org\/{rel}","templated":true}]}}