{"id":19,"date":"2026-01-13T11:37:01","date_gmt":"2026-01-13T08:37:01","guid":{"rendered":"https:\/\/bosko-service.in.ua\/?page_id=19"},"modified":"2026-04-02T15:47:53","modified_gmt":"2026-04-02T12:47:53","slug":"oil-distribution","status":"publish","type":"page","link":"https:\/\/bosko-service.in.ua\/pl\/oil-distribution\/","title":{"rendered":"Dystrybucja"},"content":{"rendered":"<section class=\"l-section wpb_row height_large with_overlay\"><div class=\"l-section-overlay\" style=\"background-color: #313131\"><\/div><div class=\"l-section-h g-html i-cf\"><div class=\"g-cols offset_small\"><div class=\" full-width\">[vc_raw_html]JTNDbGluayUyMGhyZWYlM0QlMjJodHRwcyUzQSUyRiUyRmZvbnRzLmdvb2dsZWFwaXMuY29tJTJGY3NzMiUzRmZhbWlseSUzRE1vbnRzZXJyYXQlM0F3Z2h0JTQwNDAwJTNCNzAwJTI2ZGlzcGxheSUzRHN3YXAlMjIlMjByZWwlM0QlMjJzdHlsZXNoZWV0JTIyJTNFJTBBJTNDc3R5bGUlM0UlMEElMjAlMjBib2R5JTIwJTdCJTBBJTIwJTIwJTIwJTIwZm9udC1mYW1pbHklM0ElMjAlMjdNb250c2VycmF0JTI3JTJDJTIwc2Fucy1zZXJpZiUyMCUyMWltcG9ydGFudCUzQiUwQSUyMCUyMCU3RCUwQSUzQyUyRnN0eWxlJTNF[\/vc_raw_html]<div class=\"g-cols wpb_row offset_small vc_inner \"><div class=\" two-thirds animate_afl\"><div class=\"wpb_text_column \"><div class=\"wpb_wrapper\"><span style=\"font-size: 24pt;\"><span style=\"color: #ffffff;\">OFICJALNA DYSTRYBUCJA<\/span> <span style=\"color: #e10b17;\">FOSSER<\/span><\/span><\/div> <\/div> <div class=\"ult-spacer spacer-69eff508bddcc\" data-id=\"69eff508bddcc\" data-height=\"20\" data-height-mobile=\"20\" data-height-tab=\"20\" data-height-tab-portrait=\"\" data-height-mobile-landscape=\"\" style=\"clear:both;display:block;\"><\/div><div class=\"ult-spacer spacer-69eff508bddd3\" data-id=\"69eff508bddd3\" data-height=\"\" data-height-mobile=\"\" data-height-tab=\"\" data-height-tab-portrait=\"\" data-height-mobile-landscape=\"\" style=\"clear:both;display:block;\"><\/div><div class=\"wpb_text_column \"><div class=\"wpb_wrapper\"><span style=\"color: #ffffff; font-size: 12pt;\">Oferujemy oryginalne \u015brodki smarne Fosser, kt\u00f3re zapewniaj\u0105 niezawodn\u0105 prac\u0119 silnika i wszystkich uk\u0142ad\u00f3w Twojego samochodu. Produkty spe\u0142niaj\u0105 wysokie europejskie standardy jako\u015bci i s\u0105 kompatybilne z samochodami klasy premium, takimi jak BMW, Mercedes, Volkswagen i Audi.<\/span><\/p>\n<p><span style=\"color: #ffffff;\">Nasz serwis gwarantuje prawid\u0142owy dob\u00f3r oleju do Twojego modelu samochodu oraz profesjonaln\u0105 wymian\u0119, co wyd\u0142u\u017ca \u017cywotno\u015b\u0107 silnika i utrzymuje optymalne parametry techniczne.<\/span><\/p>\n<p>&nbsp;<\/p>\n<p><span style=\"font-size: 12pt;\"><span style=\"color: #e10b17;\">\u2713<\/span> <span style=\"color: #ffffff;\">Wysoka odporno\u015b\u0107 na temperatury i obci\u0105\u017cenia<\/span><\/span><br \/>\n<span style=\"font-size: 12pt; color: #000000;\"><span style=\"font-size: 12pt;\"><span style=\"color: #e10b17;\">\u2713<\/span><\/span><span style=\"color: #ffffff;\"> Optymalna lepko\u015b\u0107 w r\u00f3\u017cnych warunkach pracy<\/span><\/span><br \/>\n<span style=\"font-size: 12pt; color: #000000;\"><span style=\"font-size: 12pt;\"><span style=\"color: #e10b17;\">\u2713<\/span><\/span> <span style=\"color: #ffffff;\">Zwi\u0119kszona skuteczno\u015b\u0107 ochrony silnika<\/span><\/span><br \/>\n<span style=\"font-size: 12pt; color: #000000;\"><span style=\"font-size: 12pt;\"><span style=\"color: #e10b17;\">\u2713<\/span><\/span> <span style=\"color: #ffffff;\">Zgodno\u015b\u0107 z normami wiod\u0105cych europejskich producent\u00f3w<\/span><\/span><\/div> <\/div> <\/div><div class=\" one-third\"><div class=\"ult-just-icon-wrapper \"><div class=\"align-icon\" style=\"text-align:center;\">\n<div class=\"aio-icon-img \" style=\"font-size:1000px;display:inline-block;\" >\n\t<img decoding=\"async\" class=\"img-icon\" alt=\"\" src=\"https:\/\/bosko-service.in.ua\/pl\/wp-content\/uploads\/2026\/04\/\u0444\u043e\u0442\u043e-4.jpg\"\/>\n<\/div><\/div><\/div><\/div><\/div><div class=\"ult-spacer spacer-69eff508be25a\" data-id=\"69eff508be25a\" data-height=\"30\" data-height-mobile=\"30\" data-height-tab=\"30\" data-height-tab-portrait=\"\" data-height-mobile-landscape=\"\" style=\"clear:both;display:block;\"><\/div><div class=\"w-gallery layout_masonry columns_3 with_indents link_media\"><div class=\"w-gallery-list\"><a class=\"w-gallery-item order_1\" href=\"https:\/\/bosko-service.in.ua\/pl\/wp-content\/uploads\/2026\/04\/\u0441\u0435\u0440\u0442\u0438\u0444\u0456\u043a\u0430\u0442-\u0443-\u041f\u0420\u041e-\u041d\u0410\u04212-768x1086-1.jpg\" title=\"\u0441\u0435\u0440\u0442\u0438\u0444\u0456\u043a\u0430\u0442-\u0443-\u041f\u0420\u041e-\u041d\u0410\u04212-768x1086\"><img loading=\"lazy\" decoding=\"async\" width=\"600\" height=\"848\" src=\"https:\/\/bosko-service.in.ua\/pl\/wp-content\/uploads\/2026\/04\/\u0441\u0435\u0440\u0442\u0438\u0444\u0456\u043a\u0430\u0442-\u0443-\u041f\u0420\u041e-\u041d\u0410\u04212-768x1086-1-600x848.jpg\" class=\"w-gallery-item-img\" alt=\"\" srcset=\"https:\/\/bosko-service.in.ua\/pl\/wp-content\/uploads\/2026\/04\/\u0441\u0435\u0440\u0442\u0438\u0444\u0456\u043a\u0430\u0442-\u0443-\u041f\u0420\u041e-\u041d\u0410\u04212-768x1086-1-600x848.jpg 600w, https:\/\/bosko-service.in.ua\/pl\/wp-content\/uploads\/2026\/04\/\u0441\u0435\u0440\u0442\u0438\u0444\u0456\u043a\u0430\u0442-\u0443-\u041f\u0420\u041e-\u041d\u0410\u04212-768x1086-1-212x300.jpg 212w, https:\/\/bosko-service.in.ua\/pl\/wp-content\/uploads\/2026\/04\/\u0441\u0435\u0440\u0442\u0438\u0444\u0456\u043a\u0430\u0442-\u0443-\u041f\u0420\u041e-\u041d\u0410\u04212-768x1086-1-724x1024.jpg 724w, https:\/\/bosko-service.in.ua\/pl\/wp-content\/uploads\/2026\/04\/\u0441\u0435\u0440\u0442\u0438\u0444\u0456\u043a\u0430\u0442-\u0443-\u041f\u0420\u041e-\u041d\u0410\u04212-768x1086-1.jpg 768w\" sizes=\"auto, (max-width: 600px) 100vw, 600px\" \/><span class=\"w-gallery-item-hover\"><\/span><span class=\"w-gallery-item-title\">\u0441\u0435\u0440\u0442\u0438\u0444\u0456\u043a\u0430\u0442-\u0443-\u041f\u0420\u041e-\u041d\u0410\u04212-768x1086<\/span><\/a><a class=\"w-gallery-item order_2\" href=\"https:\/\/bosko-service.in.ua\/pl\/wp-content\/uploads\/2026\/04\/\u0441\u0435\u0440\u0442\u0438\u0444\u0456\u043a\u0430\u0442-\u0443-\u041f\u0420\u041e-\u041d\u0410\u0421-768x1086-1.jpg\" title=\"\u0441\u0435\u0440\u0442\u0438\u0444\u0456\u043a\u0430\u0442-\u0443-\u041f\u0420\u041e-\u041d\u0410\u0421-768x1086\"><img loading=\"lazy\" decoding=\"async\" width=\"600\" height=\"848\" src=\"https:\/\/bosko-service.in.ua\/pl\/wp-content\/uploads\/2026\/04\/\u0441\u0435\u0440\u0442\u0438\u0444\u0456\u043a\u0430\u0442-\u0443-\u041f\u0420\u041e-\u041d\u0410\u0421-768x1086-1-600x848.jpg\" class=\"w-gallery-item-img\" alt=\"\" srcset=\"https:\/\/bosko-service.in.ua\/pl\/wp-content\/uploads\/2026\/04\/\u0441\u0435\u0440\u0442\u0438\u0444\u0456\u043a\u0430\u0442-\u0443-\u041f\u0420\u041e-\u041d\u0410\u0421-768x1086-1-600x848.jpg 600w, https:\/\/bosko-service.in.ua\/pl\/wp-content\/uploads\/2026\/04\/\u0441\u0435\u0440\u0442\u0438\u0444\u0456\u043a\u0430\u0442-\u0443-\u041f\u0420\u041e-\u041d\u0410\u0421-768x1086-1-212x300.jpg 212w, https:\/\/bosko-service.in.ua\/pl\/wp-content\/uploads\/2026\/04\/\u0441\u0435\u0440\u0442\u0438\u0444\u0456\u043a\u0430\u0442-\u0443-\u041f\u0420\u041e-\u041d\u0410\u0421-768x1086-1-724x1024.jpg 724w, https:\/\/bosko-service.in.ua\/pl\/wp-content\/uploads\/2026\/04\/\u0441\u0435\u0440\u0442\u0438\u0444\u0456\u043a\u0430\u0442-\u0443-\u041f\u0420\u041e-\u041d\u0410\u0421-768x1086-1.jpg 768w\" sizes=\"auto, (max-width: 600px) 100vw, 600px\" \/><span class=\"w-gallery-item-hover\"><\/span><span class=\"w-gallery-item-title\">\u0441\u0435\u0440\u0442\u0438\u0444\u0456\u043a\u0430\u0442-\u0443-\u041f\u0420\u041e-\u041d\u0410\u0421-768x1086<\/span><\/a><a class=\"w-gallery-item order_3\" href=\"https:\/\/bosko-service.in.ua\/pl\/wp-content\/uploads\/2026\/04\/\u0441\u0435\u0440\u0442\u0438\u0444\u0456\u043a\u0430\u0442-3-768x1152-1.jpg\" title=\"\u0441\u0435\u0440\u0442\u0438\u0444\u0456\u043a\u0430\u0442-3-768x1152\"><img loading=\"lazy\" decoding=\"async\" width=\"600\" height=\"900\" src=\"https:\/\/bosko-service.in.ua\/pl\/wp-content\/uploads\/2026\/04\/\u0441\u0435\u0440\u0442\u0438\u0444\u0456\u043a\u0430\u0442-3-768x1152-1-600x900.jpg\" class=\"w-gallery-item-img\" alt=\"\" srcset=\"https:\/\/bosko-service.in.ua\/pl\/wp-content\/uploads\/2026\/04\/\u0441\u0435\u0440\u0442\u0438\u0444\u0456\u043a\u0430\u0442-3-768x1152-1-600x900.jpg 600w, https:\/\/bosko-service.in.ua\/pl\/wp-content\/uploads\/2026\/04\/\u0441\u0435\u0440\u0442\u0438\u0444\u0456\u043a\u0430\u0442-3-768x1152-1-200x300.jpg 200w, https:\/\/bosko-service.in.ua\/pl\/wp-content\/uploads\/2026\/04\/\u0441\u0435\u0440\u0442\u0438\u0444\u0456\u043a\u0430\u0442-3-768x1152-1-683x1024.jpg 683w, https:\/\/bosko-service.in.ua\/pl\/wp-content\/uploads\/2026\/04\/\u0441\u0435\u0440\u0442\u0438\u0444\u0456\u043a\u0430\u0442-3-768x1152-1.jpg 768w\" sizes=\"auto, (max-width: 600px) 100vw, 600px\" \/><span class=\"w-gallery-item-hover\"><\/span><span class=\"w-gallery-item-title\">\u0441\u0435\u0440\u0442\u0438\u0444\u0456\u043a\u0430\u0442-3-768x1152<\/span><\/a><\/div><\/div>\n<\/div><\/div><\/div><\/section>\n","protected":false},"excerpt":{"rendered":"[vc_raw_html]JTNDbGluayUyMGhyZWYlM0QlMjJodHRwcyUzQSUyRiUyRmZvbnRzLmdvb2dsZWFwaXMuY29tJTJGY3NzMiUzRmZhbWlseSUzRE1vbnRzZXJyYXQlM0F3Z2h0JTQwNDAwJTNCNzAwJTI2ZGlzcGxheSUzRHN3YXAlMjIlMjByZWwlM0QlMjJzdHlsZXNoZWV0JTIyJTNFJTBBJTNDc3R5bGUlM0UlMEElMjAlMjBib2R5JTIwJTdCJTBBJTIwJTIwJTIwJTIwZm9udC1mYW1pbHklM0ElMjAlMjdNb250c2VycmF0JTI3JTJDJTIwc2Fucy1zZXJpZiUyMCUyMWltcG9ydGFudCUzQiUwQSUyMCUyMCU3RCUwQSUzQyUyRnN0eWxlJTNF[\/vc_raw_html]OFICJALNA DYSTRYBUCJA FOSSER Oferujemy oryginalne \u015brodki smarne Fosser, kt\u00f3re zapewniaj\u0105 niezawodn\u0105 prac\u0119 silnika i wszystkich uk\u0142ad\u00f3w Twojego samochodu. Produkty spe\u0142niaj\u0105 wysokie europejskie standardy jako\u015bci i s\u0105 kompatybilne z samochodami klasy premium, takimi jak BMW, Mercedes, Volkswagen i Audi. Nasz serwis gwarantuje prawid\u0142owy dob\u00f3r oleju do Twojego modelu samochodu oraz profesjonaln\u0105 wymian\u0119, co wyd\u0142u\u017ca \u017cywotno\u015b\u0107 silnika...","protected":false},"author":1,"featured_media":0,"parent":0,"menu_order":0,"comment_status":"closed","ping_status":"closed","template":"","meta":{"footnotes":""},"class_list":["post-19","page","type-page","status-publish","hentry"],"_links":{"self":[{"href":"https:\/\/bosko-service.in.ua\/pl\/wp-json\/wp\/v2\/pages\/19","targetHints":{"allow":["GET"]}}],"collection":[{"href":"https:\/\/bosko-service.in.ua\/pl\/wp-json\/wp\/v2\/pages"}],"about":[{"href":"https:\/\/bosko-service.in.ua\/pl\/wp-json\/wp\/v2\/types\/page"}],"author":[{"embeddable":true,"href":"https:\/\/bosko-service.in.ua\/pl\/wp-json\/wp\/v2\/users\/1"}],"replies":[{"embeddable":true,"href":"https:\/\/bosko-service.in.ua\/pl\/wp-json\/wp\/v2\/comments?post=19"}],"version-history":[{"count":6,"href":"https:\/\/bosko-service.in.ua\/pl\/wp-json\/wp\/v2\/pages\/19\/revisions"}],"predecessor-version":[{"id":1801,"href":"https:\/\/bosko-service.in.ua\/pl\/wp-json\/wp\/v2\/pages\/19\/revisions\/1801"}],"wp:attachment":[{"href":"https:\/\/bosko-service.in.ua\/pl\/wp-json\/wp\/v2\/media?parent=19"}],"curies":[{"name":"wp","href":"https:\/\/api.w.org\/{rel}","templated":true}]}}