{"id":206,"date":"2026-01-14T11:23:40","date_gmt":"2026-01-14T08:23:40","guid":{"rendered":"https:\/\/bosko-service.in.ua\/?page_id=206"},"modified":"2026-04-08T16:16:38","modified_gmt":"2026-04-08T13:16:38","slug":"diagnostics","status":"publish","type":"page","link":"https:\/\/bosko-service.in.ua\/pl\/diagnostics\/","title":{"rendered":"\u0414\u0406\u0410\u0413\u041d\u041e\u0421\u0422\u0418\u041a\u0410"},"content":{"rendered":"<section class=\"l-section wpb_row height_medium with_overlay\"><div class=\"l-section-overlay\" style=\"background-color: #111111\"><\/div><div class=\"l-section-h g-html i-cf\"><div class=\"g-cols offset_small\"><div class=\" full-width\">[vc_raw_html]JTNDbGluayUyMGhyZWYlM0QlMjJodHRwcyUzQSUyRiUyRmZvbnRzLmdvb2dsZWFwaXMuY29tJTJGY3NzMiUzRmZhbWlseSUzRE1vbnRzZXJyYXQlM0F3Z2h0JTQwNDAwJTNCNzAwJTI2ZGlzcGxheSUzRHN3YXAlMjIlMjByZWwlM0QlMjJzdHlsZXNoZWV0JTIyJTNFJTBBJTNDc3R5bGUlM0UlMEElMjAlMjBib2R5JTIwJTdCJTBBJTIwJTIwJTIwJTIwZm9udC1mYW1pbHklM0ElMjAlMjdNb250c2VycmF0JTI3JTJDJTIwc2Fucy1zZXJpZiUyMCUyMWltcG9ydGFudCUzQiUwQSUyMCUyMCU3RCUwQSUzQyUyRnN0eWxlJTNF[\/vc_raw_html]<div class=\"g-cols wpb_row offset_small vc_inner \"><div class=\" full-width animate_aft vc_hidden-xs\">[vc_custom_heading text=&#187;DIAGNOSTYKA&#187; font_container=&#187;tag:h2|font_size:50|text_align:center|color:%23ffffff&#187; google_fonts=&#187;font_family:Montserrat%3Aregular%2C700|font_style:400%20regular%3A400%3Anormal&#187;]<div class=\"ult-just-icon-wrapper \"><div class=\"align-icon\" style=\"text-align:center;\">\n<div class=\"aio-icon-img \" style=\"font-size:500px;display:inline-block;\" >\n\t<img decoding=\"async\" class=\"img-icon\" alt=\"\" src=\"https:\/\/bosko-service.in.ua\/pl\/wp-content\/uploads\/2026\/04\/Line-8.png\"\/>\n<\/div><\/div><\/div><div class=\"ult-spacer spacer-69eff508bf483\" data-id=\"69eff508bf483\" data-height=\"15\" data-height-mobile=\"15\" data-height-tab=\"15\" data-height-tab-portrait=\"\" data-height-mobile-landscape=\"\" style=\"clear:both;display:block;\"><\/div>[vc_custom_heading text=&#187;Pe\u0142en zakres us\u0142ug zapewniaj\u0105cych bezpieczn\u0105 i niezawodn\u0105 eksploatacj\u0119 Twojego samochodu&#187; font_container=&#187;tag:h2|font_size:18|text_align:center|color:%23ffffff&#187; google_fonts=&#187;font_family:Montserrat%3Aregular%2C700|font_style:400%20regular%3A400%3Anormal&#187;]<div class=\"ult-spacer spacer-69eff508bf48b\" data-id=\"69eff508bf48b\" data-height=\"60\" data-height-mobile=\"60\" data-height-tab=\"60\" data-height-tab-portrait=\"\" data-height-mobile-landscape=\"\" style=\"clear:both;display:block;\"><\/div><\/div><\/div><div class=\"g-cols wpb_row offset_small vc_inner \"><div class=\" full-width animate_aft vc_hidden-lg vc_hidden-md vc_hidden-sm\">[vc_custom_heading text=&#187;DIAGNOSTYKA&#187; font_container=&#187;tag:h2|font_size:35|text_align:center|color:%23ffffff&#187; google_fonts=&#187;font_family:Montserrat%3Aregular%2C700|font_style:400%20regular%3A400%3Anormal&#187;]<div class=\"ult-just-icon-wrapper \"><div class=\"align-icon\" style=\"text-align:center;\">\n<div class=\"aio-icon-img \" style=\"font-size:500px;display:inline-block;\" >\n\t<img decoding=\"async\" class=\"img-icon\" alt=\"\" src=\"https:\/\/bosko-service.in.ua\/pl\/wp-content\/uploads\/2026\/04\/Line-8.png\"\/>\n<\/div><\/div><\/div><div class=\"ult-spacer spacer-69eff508bf5f8\" data-id=\"69eff508bf5f8\" data-height=\"15\" data-height-mobile=\"15\" data-height-tab=\"15\" data-height-tab-portrait=\"\" data-height-mobile-landscape=\"\" style=\"clear:both;display:block;\"><\/div>[vc_custom_heading text=&#187;Pe\u0142en zakres us\u0142ug zapewniaj\u0105cych bezpieczn\u0105 i niezawodn\u0105 eksploatacj\u0119 Twojego samochodu&#187; font_container=&#187;tag:h2|font_size:16|text_align:center|color:%23ffffff&#187; google_fonts=&#187;font_family:Montserrat%3Aregular%2C700|font_style:400%20regular%3A400%3Anormal&#187;]<div class=\"ult-spacer spacer-69eff508bf5ff\" data-id=\"69eff508bf5ff\" data-height=\"60\" data-height-mobile=\"60\" data-height-tab=\"60\" data-height-tab-portrait=\"\" data-height-mobile-landscape=\"\" style=\"clear:both;display:block;\"><\/div><\/div><\/div><div class=\"g-cols wpb_row offset_small vc_inner \"><div class=\" one-third animate_afl\"><div class=\"ult-content-box-container \" >\t<a class=\"ult-content-box-anchor\" href=\"https:\/\/bosko-service.in.ua\/pl\/computer-diagnostics-of-cars-in-lviv\/\" title=\"\u041a\u043e\u043c\u043f\u2019\u044e\u0442\u0435\u0440\u043d\u0430 \u0434\u0456\u0430\u0433\u043d\u043e\u0441\u0442\u0438\u043a\u0430 \u0430\u0432\u0442\u043e \u0443 \u041b\u044c\u0432\u043e\u0432\u0456\" target=\"\" >\t\t<div class=\"ult-content-box\" style=\"background-color:#333333;box-shadow: px px px px none;padding:20px;-webkit-transition: all 700ms ease;-moz-transition: all 700ms ease;-ms-transition: all 700ms ease;-o-transition: all 700ms ease;transition: all 700ms ease;\"  data-hover_box_shadow=\"none\"     data-bg=\"#333333\" ><div class=\"ult-just-icon-wrapper \"><div class=\"align-icon\" style=\"text-align:center;\">\n<div class=\"aio-icon-img \" style=\"font-size:1000px;display:inline-block;\" >\n\t<img decoding=\"async\" class=\"img-icon\" alt=\"\" src=\"https:\/\/bosko-service.in.ua\/pl\/wp-content\/uploads\/2026\/04\/Rectangle-675-4.jpg\"\/>\n<\/div><\/div><\/div><div class=\"ult-spacer spacer-69eff508bfad9\" data-id=\"69eff508bfad9\" data-height=\"20\" data-height-mobile=\"20\" data-height-tab=\"20\" data-height-tab-portrait=\"\" data-height-mobile-landscape=\"\" style=\"clear:both;display:block;\"><\/div><div class=\"wpb_text_column \"><div class=\"wpb_wrapper\"><span style=\"font-size: 14pt; color: #ffffff;\">Diagnostyka komputerowa<\/span><\/p>\n<p>&nbsp;<\/p>\n<p><span style=\"color: #e10b17; font-size: 12pt;\">wi\u0119cej &gt;&gt;<\/span><\/div> <\/div> \t\t<\/div>\t<\/a><\/div><\/div><div class=\" one-third animate_aft\"><div class=\"ult-content-box-container \" >\t<a class=\"ult-content-box-anchor\" href=\"https:\/\/bosko-service.in.ua\/pl\/engine-diagnostics\/\" title=\"\u0420\u0435\u043c\u043e\u043d\u0442\" target=\"\" >\t\t<div class=\"ult-content-box\" style=\"background-color:#333333;box-shadow: px px px px none;padding:20px;-webkit-transition: all 700ms ease;-moz-transition: all 700ms ease;-ms-transition: all 700ms ease;-o-transition: all 700ms ease;transition: all 700ms ease;\"  data-hover_box_shadow=\"none\"     data-bg=\"#333333\" ><div class=\"ult-just-icon-wrapper \"><div class=\"align-icon\" style=\"text-align:center;\">\n<div class=\"aio-icon-img \" style=\"font-size:1000px;display:inline-block;\" >\n\t<img decoding=\"async\" class=\"img-icon\" alt=\"\" src=\"https:\/\/bosko-service.in.ua\/pl\/wp-content\/uploads\/2026\/04\/Rectangle-675-1.jpg\"\/>\n<\/div><\/div><\/div><div class=\"ult-spacer spacer-69eff508bff1a\" data-id=\"69eff508bff1a\" data-height=\"20\" data-height-mobile=\"20\" data-height-tab=\"20\" data-height-tab-portrait=\"\" data-height-mobile-landscape=\"\" style=\"clear:both;display:block;\"><\/div><div class=\"wpb_text_column \"><div class=\"wpb_wrapper\"><span style=\"font-size: 14pt; color: #ffffff;\">Diagnostyka silnika<\/span><\/p>\n<p>&nbsp;<\/p>\n<p><span style=\"color: #e10b17; font-size: 12pt;\">wi\u0119cej&gt;&gt;<\/span><\/div> <\/div> \t\t<\/div>\t<\/a><\/div><\/div><div class=\" one-third animate_afr\"><div class=\"ult-content-box-container \" >\t<a class=\"ult-content-box-anchor\" href=\"https:\/\/bosko-service.in.ua\/pl\/endoscopy\/\" title=\"\u0420\u0435\u043c\u043e\u043d\u0442 \u0445\u043e\u0434\u043e\u0432\u043e\u0457 \u0447\u0430\u0441\u0442\u0438\u043d\u0438\" target=\"\" >\t\t<div class=\"ult-content-box\" style=\"background-color:#333333;box-shadow: px px px px none;padding:20px;-webkit-transition: all 700ms ease;-moz-transition: all 700ms ease;-ms-transition: all 700ms ease;-o-transition: all 700ms ease;transition: all 700ms ease;\"  data-hover_box_shadow=\"none\"     data-bg=\"#333333\" ><div class=\"ult-just-icon-wrapper \"><div class=\"align-icon\" style=\"text-align:center;\">\n<div class=\"aio-icon-img \" style=\"font-size:1000px;display:inline-block;\" >\n\t<img decoding=\"async\" class=\"img-icon\" alt=\"\" src=\"https:\/\/bosko-service.in.ua\/pl\/wp-content\/uploads\/2026\/04\/Rectangle-672-1.jpg\"\/>\n<\/div><\/div><\/div><div class=\"ult-spacer spacer-69eff508c0307\" data-id=\"69eff508c0307\" data-height=\"20\" data-height-mobile=\"20\" data-height-tab=\"20\" data-height-tab-portrait=\"\" data-height-mobile-landscape=\"\" style=\"clear:both;display:block;\"><\/div><div class=\"wpb_text_column \"><div class=\"wpb_wrapper\"><span style=\"font-size: 14pt; color: #ffffff;\">Endoskopia silnika<\/span><\/p>\n<p>&nbsp;<\/p>\n<p><span style=\"color: #e10b17; font-size: 12pt;\">wi\u0119cej &gt;&gt;<\/span><\/div> <\/div> \t\t<\/div>\t<\/a><\/div><\/div><\/div><div class=\"ult-spacer spacer-69eff508c03b4\" data-id=\"69eff508c03b4\" data-height=\"30\" data-height-mobile=\"30\" data-height-tab=\"30\" data-height-tab-portrait=\"\" data-height-mobile-landscape=\"\" style=\"clear:both;display:block;\"><\/div><div class=\"g-cols wpb_row offset_small vc_inner \"><div class=\" one-third animate_afl\"><div class=\"ult-content-box-container \" >\t<a class=\"ult-content-box-anchor\" href=\"https:\/\/bosko-service.in.ua\/pl\/fuel-system-diagnostics\/\" title=\"\u041a\u043e\u043c\u043f\u2019\u044e\u0442\u0435\u0440\u043d\u0430 \u0434\u0456\u0430\u0433\u043d\u043e\u0441\u0442\u0438\u043a\u0430 \u0430\u0432\u0442\u043e \u0443 \u041b\u044c\u0432\u043e\u0432\u0456\" target=\"\" >\t\t<div class=\"ult-content-box\" style=\"background-color:#333333;box-shadow: px px px px none;padding:20px;-webkit-transition: all 700ms ease;-moz-transition: all 700ms ease;-ms-transition: all 700ms ease;-o-transition: all 700ms ease;transition: all 700ms ease;\"  data-hover_box_shadow=\"none\"     data-bg=\"#333333\" ><div class=\"ult-just-icon-wrapper \"><div class=\"align-icon\" style=\"text-align:center;\">\n<div class=\"aio-icon-img \" style=\"font-size:1000px;display:inline-block;\" >\n\t<img decoding=\"async\" class=\"img-icon\" alt=\"\" src=\"https:\/\/bosko-service.in.ua\/pl\/wp-content\/uploads\/2026\/04\/Rectangle-675-2.jpg\"\/>\n<\/div><\/div><\/div><div class=\"ult-spacer spacer-69eff508c0782\" data-id=\"69eff508c0782\" data-height=\"20\" data-height-mobile=\"20\" data-height-tab=\"20\" data-height-tab-portrait=\"\" data-height-mobile-landscape=\"\" style=\"clear:both;display:block;\"><\/div><div class=\"wpb_text_column \"><div class=\"wpb_wrapper\"><span style=\"font-size: 14pt; color: #ffffff;\">Diagnostyka uk\u0142adu paliwowego<\/span><\/p>\n<p>&nbsp;<\/p>\n<p><span style=\"color: #e10b17; font-size: 12pt;\">wi\u0119cej &gt;&gt;<\/span><\/div> <\/div> \t\t<\/div>\t<\/a><\/div><\/div><div class=\" one-third animate_aft\"><div class=\"ult-content-box-container \" >\t<a class=\"ult-content-box-anchor\" href=\"https:\/\/bosko-service.in.ua\/pl\/checking-the-tightness-of-the-intake-system-and-the-engine-vacuum-system-with-a-smoke-generator\/\" title=\"\u0420\u0435\u043c\u043e\u043d\u0442\" target=\"\" >\t\t<div class=\"ult-content-box\" style=\"background-color:#333333;box-shadow: px px px px none;padding:20px;-webkit-transition: all 700ms ease;-moz-transition: all 700ms ease;-ms-transition: all 700ms ease;-o-transition: all 700ms ease;transition: all 700ms ease;\"  data-hover_box_shadow=\"none\"     data-bg=\"#333333\" ><div class=\"ult-just-icon-wrapper \"><div class=\"align-icon\" style=\"text-align:center;\">\n<div class=\"aio-icon-img \" style=\"font-size:1000px;display:inline-block;\" >\n\t<img decoding=\"async\" class=\"img-icon\" alt=\"\" src=\"https:\/\/bosko-service.in.ua\/pl\/wp-content\/uploads\/2026\/04\/Rectangle-683-5.jpg\"\/>\n<\/div><\/div><\/div><div class=\"ult-spacer spacer-69eff508c0b06\" data-id=\"69eff508c0b06\" data-height=\"20\" data-height-mobile=\"20\" data-height-tab=\"20\" data-height-tab-portrait=\"\" data-height-mobile-landscape=\"\" style=\"clear:both;display:block;\"><\/div><div class=\"wpb_text_column \"><div class=\"wpb_wrapper\"><span style=\"font-size: 14pt; color: #ffffff;\">Sprawdzanie szczelno\u015bci uk\u0142adu dolotowego i uk\u0142adu podci\u015bnienia silnika za pomoc\u0105 generatora dymu<\/span><\/p>\n<p>&nbsp;<\/p>\n<p><span style=\"color: #e10b17; font-size: 12pt;\">wi\u0119cej&gt;&gt;<\/span><\/div> <\/div> \t\t<\/div>\t<\/a><\/div><\/div><div class=\" one-third animate_afr\"><div class=\"ult-content-box-container \" >\t<a class=\"ult-content-box-anchor\" href=\"https:\/\/bosko-service.in.ua\/pl\/%d1%81%d0%be2\/\" title=\"\u0420\u0435\u043c\u043e\u043d\u0442 \u0445\u043e\u0434\u043e\u0432\u043e\u0457 \u0447\u0430\u0441\u0442\u0438\u043d\u0438\" target=\"\" >\t\t<div class=\"ult-content-box\" style=\"background-color:#333333;box-shadow: px px px px none;padding:20px;-webkit-transition: all 700ms ease;-moz-transition: all 700ms ease;-ms-transition: all 700ms ease;-o-transition: all 700ms ease;transition: all 700ms ease;\"  data-hover_box_shadow=\"none\"     data-bg=\"#333333\" ><div class=\"ult-just-icon-wrapper \"><div class=\"align-icon\" style=\"text-align:center;\">\n<div class=\"aio-icon-img \" style=\"font-size:1000px;display:inline-block;\" >\n\t<img decoding=\"async\" class=\"img-icon\" alt=\"\" src=\"https:\/\/bosko-service.in.ua\/pl\/wp-content\/uploads\/2026\/04\/Rectangle-683-6.jpg\"\/>\n<\/div><\/div><\/div><div class=\"ult-spacer spacer-69eff508c0e93\" data-id=\"69eff508c0e93\" data-height=\"20\" data-height-mobile=\"20\" data-height-tab=\"20\" data-height-tab-portrait=\"\" data-height-mobile-landscape=\"\" style=\"clear:both;display:block;\"><\/div><div class=\"wpb_text_column \"><div class=\"wpb_wrapper\"><span style=\"font-size: 14pt; color: #ffffff;\">Sprawdzanie uk\u0142adu ch\u0142odzenia silnika pod k\u0105tem obecno\u015bci CO2<\/span><\/p>\n<p>&nbsp;<\/p>\n<p><span style=\"color: #e10b17; font-size: 12pt;\">wi\u0119cej&gt;&gt;<\/span><\/div> <\/div> \t\t<\/div>\t<\/a><\/div><\/div><\/div><div class=\"ult-spacer spacer-69eff508c0f3c\" data-id=\"69eff508c0f3c\" data-height=\"30\" data-height-mobile=\"30\" data-height-tab=\"30\" data-height-tab-portrait=\"\" data-height-mobile-landscape=\"\" style=\"clear:both;display:block;\"><\/div><div class=\"g-cols wpb_row offset_small vc_inner \"><div class=\" one-third animate_afl\"><div class=\"ult-content-box-container \" >\t<a class=\"ult-content-box-anchor\" href=\"https:\/\/bosko-service.in.ua\/pl\/car-transmission-diagnostics\/\" title=\"\u041a\u043e\u043c\u043f\u2019\u044e\u0442\u0435\u0440\u043d\u0430 \u0434\u0456\u0430\u0433\u043d\u043e\u0441\u0442\u0438\u043a\u0430 \u0430\u0432\u0442\u043e \u0443 \u041b\u044c\u0432\u043e\u0432\u0456\" target=\"\" >\t\t<div class=\"ult-content-box\" style=\"background-color:#333333;box-shadow: px px px px none;padding:20px;-webkit-transition: all 700ms ease;-moz-transition: all 700ms ease;-ms-transition: all 700ms ease;-o-transition: all 700ms ease;transition: all 700ms ease;\"  data-hover_box_shadow=\"none\"     data-bg=\"#333333\" ><div class=\"ult-just-icon-wrapper \"><div class=\"align-icon\" style=\"text-align:center;\">\n<div class=\"aio-icon-img \" style=\"font-size:1000px;display:inline-block;\" >\n\t<img decoding=\"async\" class=\"img-icon\" alt=\"\" src=\"https:\/\/bosko-service.in.ua\/pl\/wp-content\/uploads\/2026\/04\/Rectangle-675-4.jpg\"\/>\n<\/div><\/div><\/div><div class=\"ult-spacer spacer-69eff508c10ec\" data-id=\"69eff508c10ec\" data-height=\"20\" data-height-mobile=\"20\" data-height-tab=\"20\" data-height-tab-portrait=\"\" data-height-mobile-landscape=\"\" style=\"clear:both;display:block;\"><\/div><div class=\"wpb_text_column \"><div class=\"wpb_wrapper\"><span style=\"font-size: 14pt; color: #ffffff;\">Diagnostyka skrzyni bieg\u00f3w samochodu<\/span><\/p>\n<p>&nbsp;<\/p>\n<p><span style=\"color: #e10b17; font-size: 12pt;\">wi\u0119cej &gt;&gt;<\/span><\/div> <\/div> \t\t<\/div>\t<\/a><\/div><\/div><div class=\" one-third animate_aft\"><div class=\"ult-content-box-container \" >\t<a class=\"ult-content-box-anchor\" href=\"https:\/\/bosko-service.in.ua\/pl\/steering-diagnostics\/\" title=\"\u0420\u0435\u043c\u043e\u043d\u0442\" target=\"\" >\t\t<div class=\"ult-content-box\" style=\"background-color:#333333;box-shadow: px px px px none;padding:20px;-webkit-transition: all 700ms ease;-moz-transition: all 700ms ease;-ms-transition: all 700ms ease;-o-transition: all 700ms ease;transition: all 700ms ease;\"  data-hover_box_shadow=\"none\"     data-bg=\"#333333\" ><div class=\"ult-just-icon-wrapper \"><div class=\"align-icon\" style=\"text-align:center;\">\n<div class=\"aio-icon-img \" style=\"font-size:1000px;display:inline-block;\" >\n\t<img decoding=\"async\" class=\"img-icon\" alt=\"\" src=\"https:\/\/bosko-service.in.ua\/pl\/wp-content\/uploads\/2026\/04\/Rectangle-672.jpg\"\/>\n<\/div><\/div><\/div><div class=\"ult-spacer spacer-69eff508c14cf\" data-id=\"69eff508c14cf\" data-height=\"20\" data-height-mobile=\"20\" data-height-tab=\"20\" data-height-tab-portrait=\"\" data-height-mobile-landscape=\"\" style=\"clear:both;display:block;\"><\/div><div class=\"wpb_text_column \"><div class=\"wpb_wrapper\"><span style=\"font-size: 14pt; color: #ffffff;\">Diagnostyka uk\u0142adu kierowniczego<\/span><\/p>\n<p>&nbsp;<\/p>\n<p><span style=\"color: #e10b17; font-size: 12pt;\">wi\u0119cej&gt;&gt;<\/span><\/div> <\/div> \t\t<\/div>\t<\/a><\/div><\/div><div class=\" one-third animate_afr\"><div class=\"ult-content-box-container \" >\t<a class=\"ult-content-box-anchor\" href=\"https:\/\/bosko-service.in.ua\/pl\/undercarriage-repair\/\" title=\"\u0420\u0435\u043c\u043e\u043d\u0442 \u0445\u043e\u0434\u043e\u0432\u043e\u0457 \u0447\u0430\u0441\u0442\u0438\u043d\u0438\" target=\"\" >\t\t<div class=\"ult-content-box\" style=\"background-color:#333333;box-shadow: px px px px none;padding:20px;-webkit-transition: all 700ms ease;-moz-transition: all 700ms ease;-ms-transition: all 700ms ease;-o-transition: all 700ms ease;transition: all 700ms ease;\"  data-hover_box_shadow=\"none\"     data-bg=\"#333333\" ><div class=\"ult-just-icon-wrapper \"><div class=\"align-icon\" style=\"text-align:center;\">\n<div class=\"aio-icon-img \" style=\"font-size:1000px;display:inline-block;\" >\n\t<img decoding=\"async\" class=\"img-icon\" alt=\"\" src=\"https:\/\/bosko-service.in.ua\/pl\/wp-content\/uploads\/2026\/04\/Group-312.jpg\"\/>\n<\/div><\/div><\/div><div class=\"ult-spacer spacer-69eff508d5162\" data-id=\"69eff508d5162\" data-height=\"20\" data-height-mobile=\"20\" data-height-tab=\"20\" data-height-tab-portrait=\"\" data-height-mobile-landscape=\"\" style=\"clear:both;display:block;\"><\/div><div class=\"wpb_text_column \"><div class=\"wpb_wrapper\"><span style=\"font-size: 14pt; color: #ffffff;\">Diagnostyka podwozia<\/span><\/p>\n<p>&nbsp;<\/p>\n<p><span style=\"color: #e10b17; font-size: 12pt;\">wi\u0119cej&gt;&gt;<\/span><\/div> <\/div> \t\t<\/div>\t<\/a><\/div><\/div><\/div><div class=\"ult-spacer spacer-69eff508d5236\" data-id=\"69eff508d5236\" data-height=\"30\" data-height-mobile=\"30\" data-height-tab=\"30\" data-height-tab-portrait=\"\" data-height-mobile-landscape=\"\" style=\"clear:both;display:block;\"><\/div><div class=\"g-cols wpb_row offset_small vc_inner \"><div class=\" one-third animate_afl\"><div class=\"ult-content-box-container \" >\t<a class=\"ult-content-box-anchor\" href=\"https:\/\/bosko-service.in.ua\/pl\/brake-system-diagnostics\/\" title=\"\u041a\u043e\u043c\u043f\u2019\u044e\u0442\u0435\u0440\u043d\u0430 \u0434\u0456\u0430\u0433\u043d\u043e\u0441\u0442\u0438\u043a\u0430 \u0430\u0432\u0442\u043e \u0443 \u041b\u044c\u0432\u043e\u0432\u0456\" target=\"\" >\t\t<div class=\"ult-content-box\" style=\"background-color:#333333;box-shadow: px px px px none;padding:20px;-webkit-transition: all 700ms ease;-moz-transition: all 700ms ease;-ms-transition: all 700ms ease;-o-transition: all 700ms ease;transition: all 700ms ease;\"  data-hover_box_shadow=\"none\"     data-bg=\"#333333\" ><div class=\"ult-just-icon-wrapper \"><div class=\"align-icon\" style=\"text-align:center;\">\n<div class=\"aio-icon-img \" style=\"font-size:1000px;display:inline-block;\" >\n\t<img decoding=\"async\" class=\"img-icon\" alt=\"\" src=\"https:\/\/bosko-service.in.ua\/pl\/wp-content\/uploads\/2026\/04\/Rectangle-670.jpg\"\/>\n<\/div><\/div><\/div><div class=\"ult-spacer spacer-69eff508d570b\" data-id=\"69eff508d570b\" data-height=\"20\" data-height-mobile=\"20\" data-height-tab=\"20\" data-height-tab-portrait=\"\" data-height-mobile-landscape=\"\" style=\"clear:both;display:block;\"><\/div><div class=\"wpb_text_column \"><div class=\"wpb_wrapper\"><span style=\"font-size: 14pt; color: #ffffff;\">Diagnostyka uk\u0142adu hamulcowego<\/span><\/p>\n<p>&nbsp;<\/p>\n<p><span style=\"color: #e10b17; font-size: 12pt;\">wi\u0119cej&gt;&gt;<\/span><\/div> <\/div> \t\t<\/div>\t<\/a><\/div><\/div><div class=\" one-third animate_aft\"><div class=\"ult-content-box-container \" >\t<a class=\"ult-content-box-anchor\" href=\"https:\/\/bosko-service.in.ua\/pl\/car-diagnostics-2\/\" title=\"\u0420\u0435\u043c\u043e\u043d\u0442\" target=\"\" >\t\t<div class=\"ult-content-box\" style=\"background-color:#333333;box-shadow: px px px px none;padding:20px;-webkit-transition: all 700ms ease;-moz-transition: all 700ms ease;-ms-transition: all 700ms ease;-o-transition: all 700ms ease;transition: all 700ms ease;\"  data-hover_box_shadow=\"none\"     data-bg=\"#333333\" ><div class=\"ult-just-icon-wrapper \"><div class=\"align-icon\" style=\"text-align:center;\">\n<div class=\"aio-icon-img \" style=\"font-size:1000px;display:inline-block;\" >\n\t<img decoding=\"async\" class=\"img-icon\" alt=\"\" src=\"https:\/\/bosko-service.in.ua\/pl\/wp-content\/uploads\/2026\/04\/\u2022-\u043f\u0435\u0440\u0435\u0434\u043a\u0443\u043f\u0456\u0432\u0435\u043b\u044c\u043d\u0430-\u0434\u0456\u043d\u043d\u043e\u0441\u0442\u0438\u043a\u0430-\u0437\u0430\u0431\u0440\u0430\u0442\u0438-\u043f\u043e\u0437\u0430\u0434\u0443-\u043d\u0430\u043f\u0438\u0441-\u0421\u043e\u0444\u0442-1.jpg\"\/>\n<\/div><\/div><\/div><div class=\"ult-spacer spacer-69eff508d5adc\" data-id=\"69eff508d5adc\" data-height=\"20\" data-height-mobile=\"20\" data-height-tab=\"20\" data-height-tab-portrait=\"\" data-height-mobile-landscape=\"\" style=\"clear:both;display:block;\"><\/div><div class=\"wpb_text_column \"><div class=\"wpb_wrapper\"><span style=\"font-size: 14pt; color: #ffffff;\">Diagnostyka samochodu przed zakupem<\/span><\/p>\n<p>&nbsp;<\/p>\n<p><span style=\"color: #e10b17; font-size: 12pt;\">wi\u0119cej&gt;&gt;<\/span><\/div> <\/div> \t\t<\/div>\t<\/a><\/div><\/div><div class=\" one-third animate_afr vc_hidden-lg vc_hidden-md vc_hidden-sm vc_hidden-xs\"><\/div><\/div><div class=\"ult-spacer spacer-69eff508d5bce\" data-id=\"69eff508d5bce\" data-height=\"30\" data-height-mobile=\"30\" data-height-tab=\"30\" data-height-tab-portrait=\"\" data-height-mobile-landscape=\"\" style=\"clear:both;display:block;\"><\/div><\/div><\/div><\/div><\/section>\n","protected":false},"excerpt":{"rendered":"[vc_raw_html]JTNDbGluayUyMGhyZWYlM0QlMjJodHRwcyUzQSUyRiUyRmZvbnRzLmdvb2dsZWFwaXMuY29tJTJGY3NzMiUzRmZhbWlseSUzRE1vbnRzZXJyYXQlM0F3Z2h0JTQwNDAwJTNCNzAwJTI2ZGlzcGxheSUzRHN3YXAlMjIlMjByZWwlM0QlMjJzdHlsZXNoZWV0JTIyJTNFJTBBJTNDc3R5bGUlM0UlMEElMjAlMjBib2R5JTIwJTdCJTBBJTIwJTIwJTIwJTIwZm9udC1mYW1pbHklM0ElMjAlMjdNb250c2VycmF0JTI3JTJDJTIwc2Fucy1zZXJpZiUyMCUyMWltcG9ydGFudCUzQiUwQSUyMCUyMCU3RCUwQSUzQyUyRnN0eWxlJTNF[\/vc_raw_html][vc_custom_heading text=\"DIAGNOSTYKA\" font_container=\"tag:h2|font_size:50|text_align:center|color:%23ffffff\" google_fonts=\"font_family:Montserrat%3Aregular%2C700|font_style:400%20regular%3A400%3Anormal\"] [vc_custom_heading text=\"Pe\u0142en zakres us\u0142ug zapewniaj\u0105cych bezpieczn\u0105 i niezawodn\u0105 eksploatacj\u0119 Twojego samochodu\" font_container=\"tag:h2|font_size:18|text_align:center|color:%23ffffff\" google_fonts=\"font_family:Montserrat%3Aregular%2C700|font_style:400%20regular%3A400%3Anormal\"][vc_custom_heading text=\"DIAGNOSTYKA\" font_container=\"tag:h2|font_size:35|text_align:center|color:%23ffffff\" google_fonts=\"font_family:Montserrat%3Aregular%2C700|font_style:400%20regular%3A400%3Anormal\"] [vc_custom_heading text=\"Pe\u0142en zakres us\u0142ug zapewniaj\u0105cych bezpieczn\u0105 i niezawodn\u0105 eksploatacj\u0119 Twojego samochodu\" font_container=\"tag:h2|font_size:16|text_align:center|color:%23ffffff\" google_fonts=\"font_family:Montserrat%3Aregular%2C700|font_style:400%20regular%3A400%3Anormal\"] Diagnostyka komputerowa &nbsp; wi\u0119cej &gt;&gt; Diagnostyka silnika &nbsp; wi\u0119cej&gt;&gt; Endoskopia silnika &nbsp; wi\u0119cej &gt;&gt; Diagnostyka uk\u0142adu paliwowego &nbsp; wi\u0119cej &gt;&gt; Sprawdzanie szczelno\u015bci...","protected":false},"author":1,"featured_media":0,"parent":0,"menu_order":0,"comment_status":"closed","ping_status":"closed","template":"","meta":{"footnotes":""},"class_list":["post-206","page","type-page","status-publish","hentry"],"_links":{"self":[{"href":"https:\/\/bosko-service.in.ua\/pl\/wp-json\/wp\/v2\/pages\/206","targetHints":{"allow":["GET"]}}],"collection":[{"href":"https:\/\/bosko-service.in.ua\/pl\/wp-json\/wp\/v2\/pages"}],"about":[{"href":"https:\/\/bosko-service.in.ua\/pl\/wp-json\/wp\/v2\/types\/page"}],"author":[{"embeddable":true,"href":"https:\/\/bosko-service.in.ua\/pl\/wp-json\/wp\/v2\/users\/1"}],"replies":[{"embeddable":true,"href":"https:\/\/bosko-service.in.ua\/pl\/wp-json\/wp\/v2\/comments?post=206"}],"version-history":[{"count":5,"href":"https:\/\/bosko-service.in.ua\/pl\/wp-json\/wp\/v2\/pages\/206\/revisions"}],"predecessor-version":[{"id":1848,"href":"https:\/\/bosko-service.in.ua\/pl\/wp-json\/wp\/v2\/pages\/206\/revisions\/1848"}],"wp:attachment":[{"href":"https:\/\/bosko-service.in.ua\/pl\/wp-json\/wp\/v2\/media?parent=206"}],"curies":[{"name":"wp","href":"https:\/\/api.w.org\/{rel}","templated":true}]}}