{"id":661,"date":"2026-01-26T14:47:34","date_gmt":"2026-01-26T11:47:34","guid":{"rendered":"https:\/\/bosko-service.in.ua\/?page_id=661"},"modified":"2026-04-02T14:23:02","modified_gmt":"2026-04-02T11:23:02","slug":"news","status":"publish","type":"page","link":"https:\/\/bosko-service.in.ua\/pl\/news\/","title":{"rendered":"Aktualno\u015bci"},"content":{"rendered":"<section class=\"l-section wpb_row height_medium with_overlay\"><div class=\"l-section-overlay\" style=\"background-color: #111111\"><\/div><div class=\"l-section-h g-html i-cf\"><div class=\"g-cols offset_small\"><div class=\" full-width\">[vc_raw_html]JTNDbGluayUyMGhyZWYlM0QlMjJodHRwcyUzQSUyRiUyRmZvbnRzLmdvb2dsZWFwaXMuY29tJTJGY3NzMiUzRmZhbWlseSUzRE1vbnRzZXJyYXQlM0F3Z2h0JTQwNDAwJTNCNzAwJTI2ZGlzcGxheSUzRHN3YXAlMjIlMjByZWwlM0QlMjJzdHlsZXNoZWV0JTIyJTNFJTBBJTNDc3R5bGUlM0UlMEElMjAlMjBib2R5JTIwJTdCJTBBJTIwJTIwJTIwJTIwZm9udC1mYW1pbHklM0ElMjAlMjdNb250c2VycmF0JTI3JTJDJTIwc2Fucy1zZXJpZiUyMCUyMWltcG9ydGFudCUzQiUwQSUyMCUyMCU3RCUwQSUzQyUyRnN0eWxlJTNF[\/vc_raw_html]<div class=\"g-cols wpb_row offset_small vc_inner \"><div class=\" full-width animate_aft vc_hidden-xs\">[vc_custom_heading text=&#187;AKTUALNO\u015aCI&#187; font_container=&#187;tag:h2|font_size:50|text_align:center|color:%23ffffff&#187; google_fonts=&#187;font_family:Montserrat%3Aregular%2C700|font_style:400%20regular%3A400%3Anormal&#187;]<div class=\"ult-just-icon-wrapper \"><div class=\"align-icon\" style=\"text-align:center;\">\n<div class=\"aio-icon-img \" style=\"font-size:350px;display:inline-block;\" >\n\t<img decoding=\"async\" class=\"img-icon\" alt=\"\" src=\"https:\/\/bosko-service.in.ua\/pl\/wp-content\/uploads\/2026\/04\/Line-8.png\"\/>\n<\/div><\/div><\/div><div class=\"ult-spacer spacer-69eff52ddff48\" data-id=\"69eff52ddff48\" data-height=\"60\" data-height-mobile=\"60\" data-height-tab=\"60\" data-height-tab-portrait=\"\" data-height-mobile-landscape=\"\" style=\"clear:both;display:block;\"><\/div><\/div><\/div><div class=\"g-cols wpb_row offset_small vc_inner \"><div class=\" full-width animate_aft vc_hidden-lg vc_hidden-md vc_hidden-sm\">[vc_custom_heading text=&#187;AKTUALNO\u015aCI&#187; font_container=&#187;tag:h2|font_size:35|text_align:center|color:%23ffffff&#187; google_fonts=&#187;font_family:Montserrat%3Aregular%2C700|font_style:400%20regular%3A400%3Anormal&#187;]<div class=\"ult-just-icon-wrapper \"><div class=\"align-icon\" style=\"text-align:center;\">\n<div class=\"aio-icon-img \" style=\"font-size:500px;display:inline-block;\" >\n\t<img decoding=\"async\" class=\"img-icon\" alt=\"\" src=\"https:\/\/bosko-service.in.ua\/pl\/wp-content\/uploads\/2026\/04\/Line-8.png\"\/>\n<\/div><\/div><\/div><div class=\"ult-spacer spacer-69eff52de0090\" data-id=\"69eff52de0090\" data-height=\"60\" data-height-mobile=\"60\" data-height-tab=\"60\" data-height-tab-portrait=\"\" data-height-mobile-landscape=\"\" style=\"clear:both;display:block;\"><\/div><\/div><\/div><\/div><\/div><\/div><\/section><section class=\"l-section wpb_row height_medium with_overlay\"><div class=\"l-section-overlay\" style=\"background-color: #333333\"><\/div><div class=\"l-section-h g-html i-cf\"><div class=\"g-cols offset_small\"><div class=\" full-width\"><div class=\"g-cols wpb_row offset_small vc_inner \"><div class=\" one-third\"><div class=\"w-slider\"><div class=\"royalSlider rsDefault\"><a class=\"rsImg\" data-rsw=\"833\" data-rsh=\"1024\" href=\"https:\/\/bosko-service.in.ua\/pl\/wp-content\/uploads\/2026\/04\/\u0410\u043a\u0446\u0456\u044f-\u0432-\u041d\u043e\u0432\u0438\u043d\u0438-1-833x1024-1.jpg\">\u0410\u043a\u0446\u0456\u044f-\u0432-\u041d\u043e\u0432\u0438\u043d\u0438-1-833x1024<\/a><\/div><div class=\"w-slider-json\" onclick='return {\"transitionSpeed\":300,\"loopRewind\":true,\"slidesSpacing\":0,\"imageScalePadding\":0,\"numImagesToPreload\":2,\"arrowsNav\":true,\"arrowsNavAutoHide\":false,\"transitionType\":\"move\",\"controlNavigation\":\"none\",\"imageScaleMode\":\"fit-if-smaller\",\"autoScaleSlider\":true,\"autoScaleSliderWidth\":833,\"autoScaleSliderHeight\":1024,\"fitInViewport\":false}'><\/div><\/div><\/div><div class=\" two-thirds\"><div class=\"ult-spacer spacer-69eff52de0ad6\" data-id=\"69eff52de0ad6\" data-height=\"60\" data-height-mobile=\"60\" data-height-tab=\"60\" data-height-tab-portrait=\"\" data-height-mobile-landscape=\"\" style=\"clear:both;display:block;\"><\/div><div class=\"wpb_text_column \"><div class=\"wpb_wrapper\"><span style=\"color: #e10b17;\"><strong><span style=\"font-size: 14pt;\">Oferta promocyjna na diagnostyk\u0119 podwozi samochodowych za p\u00f3\u0142 ceny. <\/span><\/strong><\/span><\/p>\n<p><span style=\"color: #e10b17;\"><strong><span style=\"font-size: 14pt;\">Promocja wa\u017cna do 28.02.2026<\/span><\/strong><\/span><\/p>\n<\/div> <\/div> <\/div><\/div><\/div><\/div><\/div><\/section><section class=\"l-section wpb_row height_medium with_overlay\"><div class=\"l-section-overlay\" style=\"background-color: #111111\"><\/div><div class=\"l-section-h g-html i-cf\"><div class=\"g-cols offset_small\"><div class=\" full-width\"><div class=\"g-cols wpb_row offset_small vc_inner \"><div class=\" one-third\"><div class=\"w-slider\"><div class=\"royalSlider rsDefault\"><a class=\"rsImg\" data-rsw=\"682\" data-rsh=\"1024\" href=\"https:\/\/bosko-service.in.ua\/pl\/wp-content\/uploads\/2026\/04\/\u0429\u0435-\u043e\u0434\u043d\u0430-\u043d\u043e\u0432\u0438\u043d\u0430-682x1024-1.jpg\">\u0429\u0435-\u043e\u0434\u043d\u0430-\u043d\u043e\u0432\u0438\u043d\u0430-682x1024<\/a><\/div><div class=\"w-slider-json\" onclick='return {\"transitionSpeed\":300,\"loopRewind\":true,\"slidesSpacing\":0,\"imageScalePadding\":0,\"numImagesToPreload\":2,\"arrowsNav\":true,\"arrowsNavAutoHide\":false,\"transitionType\":\"move\",\"controlNavigation\":\"none\",\"imageScaleMode\":\"fit-if-smaller\",\"autoScaleSlider\":true,\"autoScaleSliderWidth\":682,\"autoScaleSliderHeight\":1024,\"fitInViewport\":false}'><\/div><\/div><\/div><div class=\" two-thirds\"><div class=\"ult-spacer spacer-69eff52de1195\" data-id=\"69eff52de1195\" data-height=\"60\" data-height-mobile=\"60\" data-height-tab=\"60\" data-height-tab-portrait=\"\" data-height-mobile-landscape=\"\" style=\"clear:both;display:block;\"><\/div><div class=\"wpb_text_column \"><div class=\"wpb_wrapper\"><span style=\"color: #e10b17;\"><strong><span style=\"font-size: 14pt;\">Oferta promocyjna na diagnostyk\u0119 komputerow\u0105 za p\u00f3\u0142 ceny.<br \/>\n<\/span><\/strong><\/span><\/p>\n<p><span style=\"color: #e10b17;\"><strong><span style=\"font-size: 14pt;\">Promocja wa\u017cna do 28.02.2026<\/span><\/strong><\/span><\/div> <\/div> <\/div><\/div><\/div><\/div><\/div><\/section><section class=\"l-section wpb_row height_medium with_overlay\"><div class=\"l-section-overlay\" style=\"background-color: #333333\"><\/div><div class=\"l-section-h g-html i-cf\"><div class=\"g-cols offset_small\"><div class=\" full-width\"><div class=\"g-cols wpb_row offset_small vc_inner \"><div class=\" one-third\"><div class=\"w-slider\"><div class=\"royalSlider rsDefault\"><a class=\"rsImg\" data-rsw=\"683\" data-rsh=\"1024\" href=\"https:\/\/bosko-service.in.ua\/pl\/wp-content\/uploads\/2026\/04\/\u0424\u043e\u0442\u043e-\u0432-\u041d\u043e\u0432\u0438\u043d\u0443-\u043f\u0440\u043e-\u0437\u043e\u043d\u0443-\u043e\u0447\u0456\u043a\u0443\u0432\u0430\u043d\u043d\u044f-683x1024-1.png\">\u0424\u043e\u0442\u043e-\u0432-\u041d\u043e\u0432\u0438\u043d\u0443-\u043f\u0440\u043e-\u0437\u043e\u043d\u0443-\u043e\u0447\u0456\u043a\u0443\u0432\u0430\u043d\u043d\u044f-683x1024<\/a><\/div><div class=\"w-slider-json\" onclick='return {\"transitionSpeed\":300,\"loopRewind\":true,\"slidesSpacing\":0,\"imageScalePadding\":0,\"numImagesToPreload\":2,\"arrowsNav\":true,\"arrowsNavAutoHide\":false,\"transitionType\":\"move\",\"controlNavigation\":\"none\",\"imageScaleMode\":\"fit-if-smaller\",\"autoScaleSlider\":true,\"autoScaleSliderWidth\":683,\"autoScaleSliderHeight\":1024,\"fitInViewport\":false}'><\/div><\/div><\/div><div class=\" two-thirds\"><div class=\"wpb_text_column \"><div class=\"wpb_wrapper\"><span style=\"color: #e10b17;\"><strong><span style=\"font-size: 14pt;\">Serwis samochodowy<em> Bosko Service<\/em> rozpocz\u0105\u0142 dzia\u0142alno\u015b\u0107 z nowym sprz\u0119tem i stref\u0105 rekreacyjn\u0105<\/span><\/strong><\/span><\/p>\n<p><span style=\"color: #e10b17;\"><strong><span style=\"font-size: 14pt;\">01.01<\/span><\/strong><\/span><\/p>\n<p><span style=\"font-size: 12pt; color: #ffffff;\">Od pocz\u0105tku tego roku <strong data-start=\"245\" data-end=\"262\">Bosko Service<\/strong> wznowi\u0142 swoj\u0105 dzia\u0142alno\u015b\u0107 z ca\u0142kowicie nowym sprz\u0119tem i narz\u0119dziami. Zmodernizowali\u015bmy baz\u0119 techniczn\u0105, znacz\u0105co rozszerzyli\u015bmy zakres us\u0142ug i stworzyli\u015bmy komfortow\u0105 poczekalni\u0119 i stref\u0119 relaksu dla naszych klient\u00f3w. Nowy poziom us\u0142ug \u2013 jeszcze lepsza jako\u015b\u0107 us\u0142ug! Zdj\u0119cia z aktualizacjami wkr\u00f3tce.<\/span><\/div> <\/div> <\/div><\/div><\/div><\/div><\/div><\/section><section class=\"l-section wpb_row height_medium with_overlay\"><div class=\"l-section-overlay\" style=\"background-color: #111111\"><\/div><div class=\"l-section-h g-html i-cf\"><div class=\"g-cols offset_small\"><div class=\" full-width\"><div class=\"g-cols wpb_row offset_small vc_inner \"><div class=\" one-third\"><div class=\"w-slider\"><div class=\"royalSlider rsDefault\"><a class=\"rsImg\" data-rsw=\"813\" data-rsh=\"1024\" href=\"https:\/\/bosko-service.in.ua\/pl\/wp-content\/uploads\/2026\/04\/\u043d\u043e\u0432\u0438\u043d\u0430-2.2-813x1024-1.jpg\">\u043d\u043e\u0432\u0438\u043d\u0430-2.2-813x1024<\/a><a class=\"rsImg\" data-rsw=\"838\" data-rsh=\"1024\" href=\"https:\/\/bosko-service.in.ua\/pl\/wp-content\/uploads\/2026\/04\/\u043d\u043e\u0432\u0438\u043d\u0430-2-838x1024-1.jpg\">\u043d\u043e\u0432\u0438\u043d\u0430-2-838x1024<\/a><\/div><div class=\"w-slider-json\" onclick='return {\"transitionSpeed\":300,\"loopRewind\":true,\"slidesSpacing\":0,\"imageScalePadding\":0,\"numImagesToPreload\":2,\"arrowsNav\":true,\"arrowsNavAutoHide\":false,\"transitionType\":\"move\",\"controlNavigation\":\"none\",\"imageScaleMode\":\"fit-if-smaller\",\"autoScaleSlider\":true,\"autoScaleSliderWidth\":813,\"autoScaleSliderHeight\":1024,\"fitInViewport\":false}'><\/div><\/div><\/div><div class=\" two-thirds\"><div class=\"wpb_text_column \"><div class=\"wpb_wrapper\"><span style=\"color: #e10b17;\"><strong><span style=\"font-size: 14pt;\">Ju\u017c wkr\u00f3tce spodziewamy si\u0119 nowej serii olej\u00f3w FOSSER ProMOL.<\/span><\/strong><\/span><\/p>\n<p><span style=\"color: #e10b17;\"><strong><span style=\"font-size: 14pt;\">07\/01<\/span><\/strong><\/span><\/p>\n<p><span style=\"font-size: 12pt; color: #ffffff;\">Ju\u017c wkr\u00f3tce w naszym serwisie pojawi si\u0119 nowa, zaawansowana technologicznie seria olej\u00f3w silnikowych <strong data-start=\"724\" data-end=\"741\">FOSSER ProMOL<\/strong>, produkowanych w Niemczech. To \u015brodki smarne nowej generacji, wykorzystuj\u0105ce inteligentn\u0105 technologi\u0119 redukcji tarcia i zu\u017cycia, kt\u00f3re zapewniaj\u0105 nawet <strong data-start=\"883\" data-end=\"903\">30% mniejsze tarcie<\/strong>, nawet <strong data-start=\"908\" data-end=\"932\">10% oszcz\u0119dno\u015bci paliwa<\/strong>, \u0142atwiejsze rozruchy na zimno i p\u0142ynniejsz\u0105 prac\u0119 silnika nawet w ekstremalnych warunkach.<\/span><\/div> <\/div> <\/div><\/div><\/div><\/div><\/div><\/section><section class=\"l-section wpb_row height_medium with_overlay\"><div class=\"l-section-overlay\" style=\"background-color: #333333\"><\/div><div class=\"l-section-h g-html i-cf\"><div class=\"g-cols offset_small\"><div class=\" full-width\"><div class=\"g-cols wpb_row offset_small vc_inner \"><div class=\" one-third\"><div class=\"w-slider\"><div class=\"royalSlider rsDefault\"><a class=\"rsImg\" data-rsw=\"768\" data-rsh=\"1024\" href=\"https:\/\/bosko-service.in.ua\/pl\/wp-content\/uploads\/2026\/04\/\u0424\u043e\u0442\u043e2-1-768x1024-1.jpg\">\u0424\u043e\u0442\u043e2-1-768x1024<\/a><\/div><div class=\"w-slider-json\" onclick='return {\"transitionSpeed\":300,\"loopRewind\":true,\"slidesSpacing\":0,\"imageScalePadding\":0,\"numImagesToPreload\":2,\"arrowsNav\":true,\"arrowsNavAutoHide\":false,\"transitionType\":\"move\",\"controlNavigation\":\"none\",\"imageScaleMode\":\"fit-if-smaller\",\"autoScaleSlider\":true,\"autoScaleSliderWidth\":768,\"autoScaleSliderHeight\":1024,\"fitInViewport\":false}'><\/div><\/div><\/div><div class=\" two-thirds\"><div class=\"wpb_text_column \"><div class=\"wpb_wrapper\"><span style=\"color: #e10b17;\"><strong><span style=\"font-size: 14pt;\">Nowa us\u0142uga: czyszczenie silnika wodorem z wykorzystaniem technologii Hydroxy<\/span><\/strong><\/span><\/p>\n<p><span style=\"color: #e10b17;\"><strong><span style=\"font-size: 14pt;\">15.01.<\/span><\/strong><\/span><\/p>\n<p><span style=\"font-size: 12pt; color: #ffffff;\">Z przyjemno\u015bci\u0105 informujemy, \u017ce od teraz <strong data-start=\"1163\" data-end=\"1180\">Bosko Service<\/strong> oferuje innowacyjn\u0105 procedur\u0119 <strong data-start=\"1212\" data-end=\"1239\">czyszczenia silnika wodorem<\/strong> z systemem Hydroxy. Technologia ta dzia\u0142a poprzez dostarczanie gazu zawieraj\u0105cego wod\u00f3r do komory spalania silnika, co pozwala na delikatne i skuteczne usuwanie osad\u00f3w bez konieczno\u015bci demonta\u017cu silnika i stosowania agresywnych \u015brodk\u00f3w chemicznych. Takie czyszczenie przyczynia si\u0119 do poprawy dynamiki, zmniejszenia zu\u017cycia paliwa i czystszych spalin.<\/span><\/p>\n<p><span style=\"font-size: 12pt;\"><a href=\"https:\/\/bosko-service.in.ua\/pl\/engine-cleaning-with-hydroxy-hydrogen-system\/\"><span style=\"color: #e10b17;\">bardziej szczeg\u00f3\u0142owo &gt;&gt;<\/span><\/a><\/span><\/div> <\/div> <\/div><\/div><\/div><\/div><\/div><\/section>\n","protected":false},"excerpt":{"rendered":"[vc_raw_html]JTNDbGluayUyMGhyZWYlM0QlMjJodHRwcyUzQSUyRiUyRmZvbnRzLmdvb2dsZWFwaXMuY29tJTJGY3NzMiUzRmZhbWlseSUzRE1vbnRzZXJyYXQlM0F3Z2h0JTQwNDAwJTNCNzAwJTI2ZGlzcGxheSUzRHN3YXAlMjIlMjByZWwlM0QlMjJzdHlsZXNoZWV0JTIyJTNFJTBBJTNDc3R5bGUlM0UlMEElMjAlMjBib2R5JTIwJTdCJTBBJTIwJTIwJTIwJTIwZm9udC1mYW1pbHklM0ElMjAlMjdNb250c2VycmF0JTI3JTJDJTIwc2Fucy1zZXJpZiUyMCUyMWltcG9ydGFudCUzQiUwQSUyMCUyMCU3RCUwQSUzQyUyRnN0eWxlJTNF[\/vc_raw_html][vc_custom_heading text=\"AKTUALNO\u015aCI\" font_container=\"tag:h2|font_size:50|text_align:center|color:%23ffffff\" google_fonts=\"font_family:Montserrat%3Aregular%2C700|font_style:400%20regular%3A400%3Anormal\"] [vc_custom_heading text=\"AKTUALNO\u015aCI\" font_container=\"tag:h2|font_size:35|text_align:center|color:%23ffffff\" google_fonts=\"font_family:Montserrat%3Aregular%2C700|font_style:400%20regular%3A400%3Anormal\"] \u0410\u043a\u0446\u0456\u044f-\u0432-\u041d\u043e\u0432\u0438\u043d\u0438-1-833x1024Oferta promocyjna na diagnostyk\u0119 podwozi samochodowych za p\u00f3\u0142 ceny. Promocja wa\u017cna do 28.02.2026 \u0429\u0435-\u043e\u0434\u043d\u0430-\u043d\u043e\u0432\u0438\u043d\u0430-682x1024Oferta promocyjna na diagnostyk\u0119 komputerow\u0105 za p\u00f3\u0142 ceny. Promocja wa\u017cna do 28.02.2026 \u0424\u043e\u0442\u043e-\u0432-\u041d\u043e\u0432\u0438\u043d\u0443-\u043f\u0440\u043e-\u0437\u043e\u043d\u0443-\u043e\u0447\u0456\u043a\u0443\u0432\u0430\u043d\u043d\u044f-683x1024Serwis samochodowy Bosko Service rozpocz\u0105\u0142 dzia\u0142alno\u015b\u0107 z nowym sprz\u0119tem i stref\u0105 rekreacyjn\u0105 01.01 Od pocz\u0105tku tego roku Bosko Service wznowi\u0142 swoj\u0105 dzia\u0142alno\u015b\u0107...","protected":false},"author":1,"featured_media":0,"parent":0,"menu_order":0,"comment_status":"closed","ping_status":"closed","template":"","meta":{"footnotes":""},"class_list":["post-661","page","type-page","status-publish","hentry"],"_links":{"self":[{"href":"https:\/\/bosko-service.in.ua\/pl\/wp-json\/wp\/v2\/pages\/661","targetHints":{"allow":["GET"]}}],"collection":[{"href":"https:\/\/bosko-service.in.ua\/pl\/wp-json\/wp\/v2\/pages"}],"about":[{"href":"https:\/\/bosko-service.in.ua\/pl\/wp-json\/wp\/v2\/types\/page"}],"author":[{"embeddable":true,"href":"https:\/\/bosko-service.in.ua\/pl\/wp-json\/wp\/v2\/users\/1"}],"replies":[{"embeddable":true,"href":"https:\/\/bosko-service.in.ua\/pl\/wp-json\/wp\/v2\/comments?post=661"}],"version-history":[{"count":4,"href":"https:\/\/bosko-service.in.ua\/pl\/wp-json\/wp\/v2\/pages\/661\/revisions"}],"predecessor-version":[{"id":1782,"href":"https:\/\/bosko-service.in.ua\/pl\/wp-json\/wp\/v2\/pages\/661\/revisions\/1782"}],"wp:attachment":[{"href":"https:\/\/bosko-service.in.ua\/pl\/wp-json\/wp\/v2\/media?parent=661"}],"curies":[{"name":"wp","href":"https:\/\/api.w.org\/{rel}","templated":true}]}}